{"id":70,"date":"2019-06-04T13:16:01","date_gmt":"2019-06-04T13:16:01","guid":{"rendered":"http:\/\/mbo-adv.com\/novo\/?page_id=70"},"modified":"2019-10-22T20:37:20","modified_gmt":"2019-10-22T20:37:20","slug":"areas-de-atividade","status":"publish","type":"page","link":"https:\/\/mbo-adv.com\/eng\/areas-de-atividade\/","title":{"rendered":"Practice areas"},"content":{"rendered":"<div class=\"vc_row wpb_row vc_row-fluid margem vc_custom_1559689597571 vc_row-has-fill\"><div class=\"wpb_column vc_column_container vc_col-sm-12\"><div class=\"vc_column-inner\"><div class=\"wpb_wrapper\"><div class=\"vc_row wpb_row vc_inner vc_row-fluid\"><div class=\"wpb_column vc_column_container vc_col-sm-12\"><div class=\"vc_column-inner\"><div class=\"wpb_wrapper\">\n\t<div class=\"wpb_text_column wpb_content_element\" >\n\t\t<div class=\"wpb_wrapper\">\n\t\t\t<h2>Practice areas<\/h2>\n\n\t\t<\/div>\n\t<\/div>\n<\/div><\/div><\/div><\/div>\n\t<div class=\"wpb_tour wpb_content_element  tab-style-one\" data-interval=\"0\">\n\t\t<div class=\"wpb_wrapper wpb_tour_tabs_wrapper ui-tabs vc_clearfix\">\n\t\t\t<ul class=\"wpb_tabs_nav ui-tabs-nav vc_clearfix text-big\"><li><a href=\"#tab-cab54dc3-370a-9\">Corporate and Commercial Law<\/a><\/li><li><a href=\"#tab-1559654623269-3-0\">Real Estate Law<\/a><\/li><li><a href=\"#tab-1559654642933-4-1\">Labour Law<\/a><\/li><li><a href=\"#tab-1559654658474-5-2\">Family and Succession Law<\/a><\/li><li><a href=\"#tab-1559654684861-6-0\">Civil Law<\/a><\/li><li><a href=\"#tab-506056b8-f4d3-3\">Litigation<\/a><\/li><li><a href=\"#tab-1559654578000-2-5\">Administrative and Tax Law<\/a><\/li><li><a href=\"#tab-1559654725128-7-8\">Criminal Law<\/a><\/li><\/ul>\n\t<div id=\"tab-cab54dc3-370a-9\" class=\"wpb_tab ui-tabs-panel wpb_ui-tabs-hide vc_clearfix\">\n\t\t\n\t<div class=\"wpb_text_column wpb_content_element\" >\n\t\t<div class=\"wpb_wrapper\">\n\t\t\t<h3>Corporate and Commercial Law<\/h3>\n<p>MBO has solid and renowned experience in this particular area, having a team\ncommitted to providing legal consulting in the various dimensions of business\nactivity: corporate acts, steady and reliable legal assistance in Corporate M&amp;A,\ndrafting and revision of contracts. Furthermore, MBO will support their clients\nthroughout all legal actions related to civil, criminal, commercial, tax,\nadministrative and labour law and administrative offences.<\/p>\n\n\t\t<\/div>\n\t<\/div>\n\n\t<\/div>\n\n\t<div id=\"tab-1559654623269-3-0\" class=\"wpb_tab ui-tabs-panel wpb_ui-tabs-hide vc_clearfix\">\n\t\t\n\t<div class=\"wpb_text_column wpb_content_element\" >\n\t\t<div class=\"wpb_wrapper\">\n\t\t\t<h3>Real Estate Law<\/h3>\n<p>Since the beginning, MBO has regularly dedicated to the real estate sector,\nadvising their Clients in all kinds of operations, whichever their extent, and\nproviding all legal services related to investment, construction, real estate\ndevelopment and licensing, infrastructure, allotment, lease contracts and real\nestate management.<\/p>\n\n\t\t<\/div>\n\t<\/div>\n\n\t<\/div>\n\n\t<div id=\"tab-1559654642933-4-1\" class=\"wpb_tab ui-tabs-panel wpb_ui-tabs-hide vc_clearfix\">\n\t\t\n\t<div class=\"wpb_text_column wpb_content_element\" >\n\t\t<div class=\"wpb_wrapper\">\n\t\t\t<h3>Labour Law<\/h3>\n<p>MBO offers legal guidance throughout the whole spectrum of a conflict, from a\nsimple work-environment issue to litigation. Support is guaranteed during the\npre-trial phase, in the process of drafting employment contracts, handling\ncompany restructure, while also providing their Clients support regarding\nadministrative offenses. Moreover, the team will support the Client in legal\n\nPractice areas\n\nCorporate and Commercial Law\nReal Estate Law\nEmployment Law\nFamily and Inheritance Law\nCivil Law\nLitigation\nAdministrative and Tax Law\nCriminal Law\n\nactions based on work-related injuries, whether they are the employer or the\nemployee, and will represent them in conciliation, arbitration or mediation.<\/p>\n\n\t\t<\/div>\n\t<\/div>\n\n\t<\/div>\n\n\t<div id=\"tab-1559654658474-5-2\" class=\"wpb_tab ui-tabs-panel wpb_ui-tabs-hide vc_clearfix\">\n\t\t\n\t<div class=\"wpb_text_column wpb_content_element\" >\n\t\t<div class=\"wpb_wrapper\">\n\t\t\t<h3>Family and Succession Law<\/h3>\n<p>In this area, MBO provides legal counselling in pre-trial phases and during the\ntrial itself, advising the Client, planning and improving a claim and offering\nsupport throughout each phase of whichever procedures are intended by the\nClient. Prenuptial agreements, wills, legal paternity investigation, divorce,\nparental responsibilities regulation, alimony cases, entitlement of heirs and\ndistribution of estate are among some of the proceedings MBO is experienced\nin.<\/p>\n\n\t\t<\/div>\n\t<\/div>\n\n\t<\/div>\n\n\t<div id=\"tab-1559654684861-6-0\" class=\"wpb_tab ui-tabs-panel wpb_ui-tabs-hide vc_clearfix\">\n\t\t\n\t<div class=\"wpb_text_column wpb_content_element\" >\n\t\t<div class=\"wpb_wrapper\">\n\t\t\t<h3>Civil Law<\/h3>\n<p>In this broad area of the Law, MBO is prepared to handle the requests of the\nClients in matters of civil liability, contracts, property law and debt collection,\nboth in and out of court:<\/p>\n<p>- Legal defense of the Client\u2019s interests related to civil liability, as well as to\ninsurance law;<\/p>\n<p>- Support and guidance in the drafting of promissory and definitive contracts for\nrental, sale and purchase, public works, donations, service provision and\nothers;<\/p>\n<p>- Client representation in matters related to possession rights, property rights,\nusufructuary rights, use and housing rights, surface rights and land easements;<\/p>\n<p>- Debtor interpellation, payment agreements, filing lawsuits and judicial\nexecutions to recovery of unpaid debts.<\/p>\n\n\t\t<\/div>\n\t<\/div>\n\n\t<\/div>\n\n\t<div id=\"tab-506056b8-f4d3-3\" class=\"wpb_tab ui-tabs-panel wpb_ui-tabs-hide vc_clearfix\">\n\t\t\n\t<div class=\"wpb_text_column wpb_content_element\" >\n\t\t<div class=\"wpb_wrapper\">\n\t\t\t<h3>Litigation<\/h3>\n<p>Courts (including courts of arbitration) play an essential role in litigation and\ndispute resolution. For this reason, MBO presents an experienced team in a\nvast range of legal areas aiming to provide the best and most dedicated\nguidance in litigious phases, with a committed, diligent \u2013 and above all else \u2013\nresponsible attitude, never losing sight of the costs of procedural choices.<\/p>\n\n\t\t<\/div>\n\t<\/div>\n\n\t<\/div>\n\n\t<div id=\"tab-1559654578000-2-5\" class=\"wpb_tab ui-tabs-panel wpb_ui-tabs-hide vc_clearfix\">\n\t\t\n\t<div class=\"wpb_text_column wpb_content_element\" >\n\t\t<div class=\"wpb_wrapper\">\n\t\t\t<h3>Administrative and Tax Law<\/h3>\n<p>State\u2019s relationship with its citizens covers multiple areas of the law and is of\nparticular relevance to our Clients. Therefore, the firm is endowed with the\nnecessary means to provide legal services in matters related to local\nauthorities, urban development, environment, administrative offences, public\nprocurement procedures, civil service, social security, expropriation, regulation\nand administrative litigation, among others.<\/p>\n<p>Regarding tax law, MBO advises their Clients through the administrative,\njudicial and arbitral phases, helping in defining adequate and rigorous strategies\nfor each particular case. Meanwhile, MBO provides the support necessary in tax\ncrimes \u2013 both common and customs related \u2013 including tax fraud, abuse of tax\ntrust and in cases against social security.<\/p>\n\n\t\t<\/div>\n\t<\/div>\n\n\t<\/div>\n\n\t<div id=\"tab-1559654725128-7-8\" class=\"wpb_tab ui-tabs-panel wpb_ui-tabs-hide vc_clearfix\">\n\t\t\n\t<div class=\"wpb_text_column wpb_content_element\" >\n\t\t<div class=\"wpb_wrapper\">\n\t\t\t<h3>Criminal Law<\/h3>\n<p>MBO provides legal services related to criminal litigation, ensuring a\nperseverant defense of their Clients\u2019 interests, both defendants and\ncomplainants, and supporting them through all the phases of a criminal\nproceeding. The team advises the Client on drafting the adequate strategy and\nwill engage in every action necessary during the proceeding. MBO also offers\ntheir services in administrative offence cases, whichever legal area it is related\nto.<\/p>\n\n\t\t<\/div>\n\t<\/div>\n\n\t<\/div>\n<div class=\"wpb_tour_next_prev_nav vc_clearfix\"> <span class=\"wpb_prev_slide\"><a href=\"#prev\" title=\"Previous tab\">Previous tab<\/a><\/span> <span class=\"wpb_next_slide\"><a href=\"#next\" title=\"Next tab\">Next tab<\/a><\/span><\/div>\n\t\t<\/div>\n\t<\/div>\n<\/div><\/div><\/div><\/div><div data-vc-full-width=\"true\" data-vc-full-width-init=\"false\" class=\"vc_row wpb_row vc_row-fluid\"><div class=\"align-center wpb_column vc_column_container vc_col-sm-6\"><div class=\"vc_column-inner vc_custom_1559685682618\"><div class=\"wpb_wrapper\"><div class=\"aio-icon-component    style_1\"><a class=\"aio-icon-box-link\" href=\"http:\/\/mbo-adv.com\/eng\/quem-somos\/\" title=\"Home\" ><div id=\"Info-box-wrap-9961\" class=\"aio-icon-box default-icon\" style=\"\"  ><div class=\"aio-icon-default\"><div class=\"ult-just-icon-wrapper\"><div class=\"align-icon\" style=\"text-align:center;\">\n<div class=\"aio-icon none\"  style=\"color:#ffffff;font-size:28px;display:inline-block;\">\n\t<i class=\"Defaults-chevron-left\"><\/i>\n<\/div><\/div><\/div><\/div><div class=\"aio-icon-header\" ><h3 class=\"aio-icon-title ult-responsive\"  data-ultimate-target='#Info-box-wrap-9961 .aio-icon-title'  data-responsive-json-new='{\"font-size\":\"\",\"line-height\":\"\"}'  style=\"color:#ffffff;\">About us<\/h3><\/div> <!-- header --><\/div> <!-- aio-icon-box --><\/a><\/div> <!-- aio-icon-component --><\/div><\/div><\/div><div class=\"wpb_column vc_column_container vc_col-sm-6\"><div class=\"vc_column-inner vc_custom_1559685773243\"><div class=\"wpb_wrapper\"><div class=\"aio-icon-component    style_1\"><a class=\"aio-icon-box-link\" href=\"http:\/\/mbo-adv.com\/eng\/a-equipa\/\" title=\"Home\" ><div id=\"Info-box-wrap-6908\" class=\"aio-icon-box heading-right-icon\" style=\"\"  ><div class=\"aio-icon-header\" ><h3 class=\"aio-icon-title ult-responsive\"  data-ultimate-target='#Info-box-wrap-6908 .aio-icon-title'  data-responsive-json-new='{\"font-size\":\"\",\"line-height\":\"\"}'  style=\"color:#ffffff;\">Team \/ People<\/h3><\/div> <!-- header --><div class=\"aio-icon-heading-right\" ><div class=\"ult-just-icon-wrapper\"><div class=\"align-icon\" style=\"text-align:center;\">\n<div class=\"aio-icon none\"  style=\"color:#ffffff;font-size:28px;display:inline-block;\">\n\t<i class=\"Defaults-chevron-right\"><\/i>\n<\/div><\/div><\/div><\/div><\/div> <!-- aio-icon-box --><\/a><\/div> <!-- aio-icon-component --><\/div><\/div><\/div><\/div><div class=\"vc_row-full-width vc_clearfix\"><\/div><!-- Row Backgrounds --><div class=\"upb_color\" data-bg-override=\"0\" data-bg-color=\"#a60433\" data-fadeout=\"\" data-fadeout-percentage=\"30\" data-parallax-content=\"\" data-parallax-content-sense=\"30\" data-row-effect-mobile-disable=\"true\" data-img-parallax-mobile-disable=\"true\" data-rtl=\"false\"  data-custom-vc-row=\"\"  data-vc=\"5.7\"  data-is_old_vc=\"\"  data-theme-support=\"\"   data-overlay=\"false\" data-overlay-color=\"\" data-overlay-pattern=\"\" data-overlay-pattern-opacity=\"\" data-overlay-pattern-size=\"\"    ><\/div>","protected":false},"excerpt":{"rendered":"<p>\u00c1reas de atividade Direito Comercial e Societ\u00e1rioDireito Imobili\u00e1rioDireito LaboralDireito da Fam\u00edlia e das Sucess\u00f5esDireito CivilContenciosoDireito Administrativo e FiscalDireito Penal Direito Comercial e Societ\u00e1rio A MBO tem s\u00f3lida e reconhecida experi\u00eancia nesta \u00e1rea em particular, encontrando-se dotada de uma equipa dedicada \u00e0 presta\u00e7\u00e3o de assessoria jur\u00eddica e consultoria nas m\u00faltiplas vertentes de actividade das empresas: actos&hellip;<\/p>","protected":false},"author":1,"featured_media":0,"parent":0,"menu_order":0,"comment_status":"closed","ping_status":"closed","template":"","meta":{"iawp_total_views":0},"class_list":["post-70","page","type-page","status-publish","hentry","description-off"],"_links":{"self":[{"href":"https:\/\/mbo-adv.com\/eng\/wp-json\/wp\/v2\/pages\/70","targetHints":{"allow":["GET"]}}],"collection":[{"href":"https:\/\/mbo-adv.com\/eng\/wp-json\/wp\/v2\/pages"}],"about":[{"href":"https:\/\/mbo-adv.com\/eng\/wp-json\/wp\/v2\/types\/page"}],"author":[{"embeddable":true,"href":"https:\/\/mbo-adv.com\/eng\/wp-json\/wp\/v2\/users\/1"}],"replies":[{"embeddable":true,"href":"https:\/\/mbo-adv.com\/eng\/wp-json\/wp\/v2\/comments?post=70"}],"version-history":[{"count":0,"href":"https:\/\/mbo-adv.com\/eng\/wp-json\/wp\/v2\/pages\/70\/revisions"}],"wp:attachment":[{"href":"https:\/\/mbo-adv.com\/eng\/wp-json\/wp\/v2\/media?parent=70"}],"curies":[{"name":"wp","href":"https:\/\/api.w.org\/{rel}","templated":true}]}}