{"id":321,"date":"2019-10-16T15:20:29","date_gmt":"2019-10-16T15:20:29","guid":{"rendered":"http:\/\/mbo-adv.com\/novo\/?page_id=321"},"modified":"2019-10-16T16:10:40","modified_gmt":"2019-10-16T16:10:40","slug":"cookies","status":"publish","type":"page","link":"https:\/\/mbo-adv.com\/eng\/cookies\/","title":{"rendered":"Cookies"},"content":{"rendered":"<style>\n    #ct-ultimate-gdpr-cookie-modal-body h1,\n    #ct-ultimate-gdpr-cookie-modal-body h2,\n    #ct-ultimate-gdpr-cookie-modal-body h3,\n    #ct-ultimate-gdpr-cookie-modal-body h4,\n    #ct-ultimate-gdpr-cookie-modal-body h5,\n    #ct-ultimate-gdpr-cookie-modal-body h6 {\n        color: #595959;\n    }\n<\/style>\n\n    <a href=\"#\" class=\"ct-ultimate-triggler-modal-sc\">Cookies used on our site: <\/a>\n<div id=\"ct-ultimate-gdpr-cookie-modal\" class=\"ct-ultimate-gdpr--Groups-5\">\n\n    <!-- Modal content -->\n    <div class=\"ct-ultimate-gdpr-cookie-modal-content\">\n\t\t            <div id=\"ct-ultimate-gdpr-cookie-modal-close\"><\/div>\n\t\t        <div id=\"ct-ultimate-gdpr-cookie-modal-body\"\n             class=\"ct-ultimate-gdpr-slider-not-block\">\n\n\t\t\t\n\t\t\t                <div style=\"color: #797979\"> <h2>Privacy Settings<\/h2>\r\n<div class=\"ct-ultimate-gdpr-cookie-modal-desc\">\r\n\r\nDecide which cookies you ant to allow.\n\nThe user can change these settings in any moment.\r\n\r\n<a href=\"\/eng\/cookies\/\" target=\"_blank\">FIND MORE ABOUT COOKIES<\/a>\r\n\r\n<\/div>\r\n<h3>Abaixo selecione uma das op\u00e7\u00f5es:<\/h3> <\/div>\n\n\t\t\t            <form action=\"#\" id=\"ct-ultimate-gdpr-cookie-modal-slider-form\" data-trp-original-action=\"#\">\n                <div class=\"ct-ultimate-gdpr-slider\"><\/div>\n                <ul class=\"ct-ultimate-gdpr-cookie-modal-slider\">\n\t\t\t\t\t\t\t\t\t\t\t\t\t\t\t\t                        <li id=\"ct-ultimate-gdpr-cookie-modal-slider-item-block\"\n                            class=\"ct-ultimate-gdpr-cookie-modal-slider-item\"\n                            data-count=\"1\">\n                            <div>\n                                <img decoding=\"async\" class=\"ct-svg\"\n                                     src=\"https:\/\/mbo-adv.com\/wp-content\/plugins\/ct-ultimate-gdpr\/assets\/css\/images\/block-all.svg\"\n                                     alt=\"Block all\">\n                            <\/div>\n                            <input type=\"radio\" id=\"cookie0\"\n                                   name=\"radio-group\"                                    class=\"ct-ultimate-gdpr-cookie-modal-slider-radio\"\n                                   value=\"1\"\n                                   data-count=\"1\">\n                            <label for=\"cookie0\"\n                                   style=\"color: #595959;\">\n\t\t\t\t\t\t\t\tBlock all                            <\/label>\n                        <\/li>\n\n\t\t\t\t\t\n\t\t\t\t\t\t\t\t\t\t\t                        <li class=\"ct-ultimate-gdpr-cookie-modal-slider-item\">\n                            <div>\n                                <img decoding=\"async\" class=\"ct-svg\"\n                                     src=\"https:\/\/mbo-adv.com\/wp-content\/plugins\/ct-ultimate-gdpr\/assets\/css\/images\/essential.svg\"\n                                     alt=\"Essential\">\n                            <\/div>\n                            <input data-count=\"2\" type=\"radio\" id=\"cookie1\"\n                                   name=\"radio-group\"                                    class=\"ct-ultimate-gdpr-cookie-modal-slider-radio\"\n                                   value=\"2\">\n                            <label for=\"cookie1\"\n                                   style=\"color: #595959;\">\n\t\t\t\t\t\t\t\tEssentials                            <\/label>\n                        <\/li>\n\n\t\t\t\t\t\n\t\t\t\t\t\t\t\t\t\t\t                        <li class=\"ct-ultimate-gdpr-cookie-modal-slider-item\"\n                            data-count=\"3\">\n                            <div>\n                                <img decoding=\"async\" class=\"ct-svg\"\n                                     src=\"https:\/\/mbo-adv.com\/wp-content\/plugins\/ct-ultimate-gdpr\/assets\/css\/images\/functionality.svg\"\n                                     alt=\"Functionality\">\n                            <\/div>\n                            <input data-count=\"3\" type=\"radio\" id=\"cookie2\"\n                                   name=\"radio-group\"                                    class=\"ct-ultimate-gdpr-cookie-modal-slider-radio\"\n                                   value=\"3\">\n                            <label for=\"cookie2\"\n                                   style=\"color: #595959;\">\n\t\t\t\t\t\t\t\tFunctionality                            <\/label>\n                        <\/li>\n\n\t\t\t\t\t\n\t\t\t\t\t\t\t\t\t\t\t                        <li class=\"ct-ultimate-gdpr-cookie-modal-slider-item\"\n                            data-count=\"4\">\n                            <div>\n                                <img decoding=\"async\" class=\"ct-svg\"\n                                     src=\"https:\/\/mbo-adv.com\/wp-content\/plugins\/ct-ultimate-gdpr\/assets\/css\/images\/statistics.svg\"\n                                     alt=\"Analytics\">\n                            <\/div>\n                            <input data-count=\"4\" type=\"radio\" id=\"cookie3\"\n                                   name=\"radio-group\"                                    class=\"ct-ultimate-gdpr-cookie-modal-slider-radio\"\n                                   value=\"4\">\n                            <label for=\"cookie3\"\n                                   style=\"color: #595959;\">\n\t\t\t\t\t\t\t\tAnalytics                            <\/label>\n                        <\/li>\n\n\t\t\t\t\t\n\t\t\t\t\t\t\t\t\t\t\t                        <li class=\"ct-ultimate-gdpr-cookie-modal-slider-item ct-ultimate-gdpr-cookie-modal-slider-item--active\">\n                            <div>\n                                <img decoding=\"async\" class=\"ct-svg\"\n                                     src=\"https:\/\/mbo-adv.com\/wp-content\/plugins\/ct-ultimate-gdpr\/assets\/css\/images\/targeting.svg\"\n                                     alt=\"Advertising\">\n                            <\/div>\n                            <input data-count=\"5\" type=\"radio\" id=\"cookie4\"\n                                   name=\"radio-group\" checked class=\"ct-ultimate-gdpr-cookie-modal-slider-radio\"\n                                   value=\"5\">\n                            <label for=\"cookie4\"\n                                   style=\"color: #595959;\">\n\t\t\t\t\t\t\t\tAds                            <\/label>\n                        <\/li>\n\t\t\t\t\t\t\t\t\t\t\n\t\t\t\t\t\n                <\/ul>\n\n            <input type=\"hidden\" name=\"trp-form-language\" value=\"eng\"\/><\/form>\n\t\t\t            <div class=\"ct-ultimate-gdpr-cookie-modal-slider-wrap\">\n\t\t\t\t\n                <div class=\"ct-ultimate-gdpr-cookie-modal-slider-inner-wrap\">\n                    <div class=\"ct-ultimate-gdpr-cookie-modal-slider-info cookie1\">\n                        <div class=\"ct-ultimate-gdpr-cookie-modal-slider-desc\">\n                            <h4 style=\"color: #595959;\">This site will<\/h4>\n                            <ul class=\"ct-ultimate-gdpr-cookie-modal-slider-able\"\n                                style=\"color: #797979;\">\n\n\t\t\t\t\t\t\t\t<li>Essencial: Guardar a sua permiss\u00e3o de cookies<\/li><li>Essencial: Permitir cookies de sess\u00e3o<\/li><li>Essencial: Recolher a informa\u00e7\u00e3o que introduz em formul\u00e1rio de contacto, subscri\u00e7\u00e3o de newsletter e outros formul\u00e1rio no site<\/li><li>Essencial: Registar do que adiciona ao carrinho de compras<\/li><li>Essencial: Autenticar de que est\u00e1 ligado na sua conta de cliente<\/li><li>Essencial: Guardar a l\u00edngua que escolheu<\/li>\n                            <\/ul>\n                        <\/div>\n                        <div class=\"ct-ultimate-gdpr-cookie-modal-slider-desc\">\n                            <h4 style=\"color: #595959;\">Este site n\u00e3o ir\u00e1<\/h4>\n                            <ul class=\"ct-ultimate-gdpr-cookie-modal-slider-not-able\"\n                                style=\"color: #797979;\">\n\n\n\t\t\t\t\t\t\t\t<li>Funcionalidade: Guardar os seus dados de login<\/li><li>Funcionalidade: Guardar as suas defini\u00e7\u00f5es de social media<\/li><li>Funcionalidade: Guardar a sua regi\u00e3o ou localidade<\/li><li>Analytics: Analisar as suas p\u00e1ginas visitadas e as ac\u00e7\u00f5es tomadas<\/li><li>Analytics: Analisar a sua localiza\u00e7\u00e3o e regi\u00e3o baseado no seu endere\u00e7o de IP<\/li><li>Analytics: Analisar e guardar o tempo gasto em cada p\u00e1gina<\/li><li>Analytics: Aumentar a qualidade dos dados das fun\u00e7\u00f5es estat\u00edsticas<\/li><li>Publicidade: Adaptar a informa\u00e7\u00e3o e publicidade aos seus interesses baseado, por exemplo, no conte\u00fado anteriormente consultado (Actualmente n\u00e3o usamos targeting ou cookies de targeting)<\/li><li>Publicidade: Recolher informa\u00e7\u00e3o pessoal como o seu nome e localiza\u00e7\u00e3o<\/li>\n                            <\/ul>\n                        <\/div>\n                        <div class=\"ct-clearfix\"><\/div>\n                    <\/div>\n\n                    <div class=\"ct-ultimate-gdpr-cookie-modal-slider-info cookie2\">\n                        <div class=\"ct-ultimate-gdpr-cookie-modal-slider-desc\">\n                            <h4 style=\"color: #595959;\">This site will<\/h4>\n                            <ul class=\"ct-ultimate-gdpr-cookie-modal-slider-able\"\n                                style=\"color: #797979;\">\n\n\t\t\t\t\t\t\t\t<li>Essencial: Guardar a sua permiss\u00e3o de cookies<\/li><li>Essencial: Permitir cookies de sess\u00e3o<\/li><li>Essencial: Recolher a informa\u00e7\u00e3o que introduz em formul\u00e1rio de contacto, subscri\u00e7\u00e3o de newsletter e outros formul\u00e1rio no site<\/li><li>Essencial: Registar do que adiciona ao carrinho de compras<\/li><li>Essencial: Autenticar de que est\u00e1 ligado na sua conta de cliente<\/li><li>Essencial: Guardar a l\u00edngua que escolheu<\/li><li>Funcionalidade: Guardar as suas defini\u00e7\u00f5es de social media<\/li><li>Funcionalidade: Guardar a sua regi\u00e3o ou localidade<\/li>\n                            <\/ul>\n                        <\/div>\n                        <div class=\"ct-ultimate-gdpr-cookie-modal-slider-desc\">\n                            <h4 style=\"color: #595959;\">Este site n\u00e3o ir\u00e1<\/h4>\n                            <ul class=\"ct-ultimate-gdpr-cookie-modal-slider-not-able\"\n                                style=\"color: #797979;\">\n\n\t\t\t\t\t\t\t\t<li>Analytics: Analisar as suas p\u00e1ginas visitadas e as ac\u00e7\u00f5es tomadas<\/li><li>Analytics: Analisar a sua localiza\u00e7\u00e3o e regi\u00e3o baseado no seu endere\u00e7o de IP<\/li><li>Analytics: Analisar e guardar o tempo gasto em cada p\u00e1gina<\/li><li>Analytics: Aumentar a qualidade dos dados das fun\u00e7\u00f5es estat\u00edsticas<\/li><li>Publicidade: Adaptar a informa\u00e7\u00e3o e publicidade aos seus interesses baseado, por exemplo, no conte\u00fado anteriormente consultado (Actualmente n\u00e3o usamos targeting ou cookies de targeting)<\/li><li>Publicidade: Recolher informa\u00e7\u00e3o pessoal como o seu nome e localiza\u00e7\u00e3o<\/li>\n                            <\/ul>\n                        <\/div>\n                        <div class=\"ct-clearfix\"><\/div>\n                    <\/div>\n\n                    <div class=\"ct-ultimate-gdpr-cookie-modal-slider-info cookie3\">\n                        <div class=\"ct-ultimate-gdpr-cookie-modal-slider-desc\">\n                            <h4 style=\"color: #595959;\">This site will<\/h4>\n                            <ul class=\"ct-ultimate-gdpr-cookie-modal-slider-able\"\n                                style=\"color: #797979;\">\n\n\t\t\t\t\t\t\t\t<li>Essencial: Guardar a sua permiss\u00e3o de cookies<\/li><li>Essencial: Permitir cookies de sess\u00e3o<\/li><li>Essencial: Recolher a informa\u00e7\u00e3o que introduz em formul\u00e1rio de contacto, subscri\u00e7\u00e3o de newsletter e outros formul\u00e1rio no site<\/li><li>Essencial: Registar do que adiciona ao carrinho de compras<\/li><li>Essencial: Autenticar de que est\u00e1 ligado na sua conta de cliente<\/li><li>Essencial: Guardar a l\u00edngua que escolheu<\/li><li>Funcionalidade: Guardar as suas defini\u00e7\u00f5es de social media<\/li><li>Funcionalidade: Guardar a sua regi\u00e3o ou localidade<\/li><li>Analytics: Analisar as suas p\u00e1ginas visitadas e as ac\u00e7\u00f5es tomadas<\/li><li>Analytics: Analisar a sua localiza\u00e7\u00e3o e regi\u00e3o baseado no seu endere\u00e7o de IP<\/li><li>Analytics: Analisar e guardar o tempo gasto em cada p\u00e1gina<\/li><li>Analytics: Aumentar a qualidade dos dados das fun\u00e7\u00f5es estat\u00edsticas<\/li>\n                            <\/ul>\n                        <\/div>\n                        <div class=\"ct-ultimate-gdpr-cookie-modal-slider-desc\">\n                            <h4 style=\"color: #595959;\">Este site n\u00e3o ir\u00e1<\/h4>\n                            <ul class=\"ct-ultimate-gdpr-cookie-modal-slider-not-able\"\n                                style=\"color: #797979;\">\n\n\t\t\t\t\t\t\t\t<li>Publicidade: Adaptar a informa\u00e7\u00e3o e publicidade aos seus interesses baseado, por exemplo, no conte\u00fado anteriormente consultado (Actualmente n\u00e3o usamos targeting ou cookies de targeting)<\/li><li>Publicidade: Recolher informa\u00e7\u00e3o pessoal como o seu nome e localiza\u00e7\u00e3o<\/li>\n                            <\/ul>\n                        <\/div>\n                        <div class=\"ct-clearfix\"><\/div>\n                    <\/div>\n                    <div class=\"ct-ultimate-gdpr-cookie-modal-slider-info cookie4\">\n                        <div class=\"ct-ultimate-gdpr-cookie-modal-slider-desc\">\n                            <h4 style=\"color: #595959;\">This site will<\/h4>\n                            <ul class=\"ct-ultimate-gdpr-cookie-modal-slider-able\"\n                                style=\"color: #797979;\">\n\n\t\t\t\t\t\t\t\t<li>Funcionalidade: Guardar as suas defini\u00e7\u00f5es de social media<\/li><li>Funcionalidade: Guardar a sua regi\u00e3o ou localidade<\/li><li>Analytics: Analisar as suas p\u00e1ginas visitadas e as ac\u00e7\u00f5es tomadas<\/li><li>Analytics: Analisar a sua localiza\u00e7\u00e3o e regi\u00e3o baseado no seu endere\u00e7o de IP<\/li><li>Analytics: Analisar e guardar o tempo gasto em cada p\u00e1gina<\/li><li>Analytics: Aumentar a qualidade dos dados das fun\u00e7\u00f5es estat\u00edsticas<\/li><li>Publicidade: Adaptar a informa\u00e7\u00e3o e publicidade aos seus interesses baseado, por exemplo, no conte\u00fado anteriormente consultado (Actualmente n\u00e3o usamos targeting ou cookies de targeting)<\/li><li>Publicidade: Recolher informa\u00e7\u00e3o pessoal como o seu nome e localiza\u00e7\u00e3o<\/li>\n                            <\/ul>\n                        <\/div>\n                        <div class=\"ct-ultimate-gdpr-cookie-modal-slider-desc\">\n                            <h4 style=\"color: #595959;\">Este site n\u00e3o ir\u00e1<\/h4>\n                            <ul class=\"ct-ultimate-gdpr-cookie-modal-slider-not-able\"\n                                style=\"color: #797979;\">\n\n\t\t\t\t\t\t\t\t<li>Guardar os seus dados de login<\/li>\n                            <\/ul>\n                        <\/div>\n                        <div class=\"ct-clearfix\"><\/div>\n                    <\/div>\n                <\/div>\n\t\t\t\t            <\/div>\n            <div class=\"ct-ultimate-gdpr-cookie-modal-btn save\">\n                <a href=\"#\">Save &amp; Close<\/a>\n            <\/div>\n        <\/div>\n    <\/div>\n<\/div>\n<h4>Cookies used on our site:<\/h4>\n        <div class=\"ct-ultimate-gdpr-table-responsive table-responsive\">\n            <table>\n                <tr>\n                    <th>\n                        Cookie names                    <\/th>\n                    <th>\n                        Type of cookie                    <\/th>\n                    <th>\n                        First or Third party                    <\/th>\n                    <th>\n                        Can be blocked                    <\/th>\n                    <th>\n                        Session or Persistent                    <\/th>\n                    <th>\n                        Expiry Time                    <\/th>\n                    <th>\n                        Purpose                    <\/th>\n                <\/tr>\n                        <tr>\n            <td>\n\t\t\t\t__utma, __utmb, __utmc, __utmt, __utmz, _ga, _gat, _gid            <\/td>\n            <td>\n\t\t\t\tAnalytics            <\/td>\n            <td>\n\t\t\t\tThird party            <\/td>\n            <td>\n\t\t\t\t                    <i class=\"fa fa-check\" aria-hidden=\"true\" style=\"color: green\"><\/i>\n\t\t\t\t            <\/td>\n            <td>\n\t\t\t\tPersistent\n            <\/td>\n            <td>\n\t\t\t\t            <\/td>\n            <td>\n\t\t\t\tStatistics            <\/td>\n        <\/tr>\n\t\t            <\/table>\n        <\/div>\n\t\t\n<h4>What are cookies?<\/h4>\n<p>\"Cookies\" are small software tags stored on your computer through the browser, retaining only information related to your preferences, excluding your personal data.<\/p>\n<h4>What are cookies for?<\/h4>\n<p>Cookies help determine the usefulness, interest, and number of uses of websites, allowing faster and more efficient navigation, eliminating the need to repeatedly enter the same information.<\/p>\n<h4>What types of cookies are there?<\/h4>\n<p>There are two groups of cookies that can be used:<\/p>\n<p class=\"translation-block\"><strong>\u2013 Persistent cookies<\/strong>\u00a0 \u2013 stored at the browser level on your access devices (PC, mobile, and tablet) and used whenever you make a new visit to one of our websites. They are generally used to direct navigation to the user's interests, allowing us to provide a more personalized service.<\/p>\n<p class=\"translation-block\"><strong>\u2013 Session cookies<\/strong> \u2013 temporary cookies that remain in your browser's cookie file until you leave the website. The information obtained through these cookies is used to analyze web traffic patterns, allowing us to identify problems and provide a better browsing experience.<\/p>\n<h4>For what purposes do we use cookies?<\/h4>\n<p class=\"translation-block\"><strong>\u2013 Strictly necessary cookies <\/strong>\u2013 Allow you to browse the website and use its applications, as well as access secure areas of the website. Without these cookies, the requested services cannot be provided.<\/p>\n<p class=\"translation-block\"><strong>\u2013 Analytical cookies <\/strong>\u2013 Used anonymously for the creation and analysis of statistics to improve the website's operation.<\/p>\n<p class=\"translation-block\"><strong>\u2013 Functionality cookies<\/strong> \u2013 Store user preferences regarding site usage so that you do not have to reconfigure the site each time you visit.<\/p>\n<p class=\"translation-block\"><strong>\u2013 Third-party cookies<\/strong>  \u2013 Measure the success of third-party applications and advertising effectiveness. They can also be used to personalize a widget with user data.<\/p>\n<p class=\"translation-block\"><strong> \u2013 Advertising cookies <\/strong> \u2013 Direct advertising based on each user's interests, aiming to target advertising campaigns according to user preferences. Additionally, they limit the number of times you see the ad, helping to measure advertising effectiveness and website organization success.<\/p>\n<h4>How can you manage cookies?<\/h4>\n<p>All browsers allow users to accept, reject, or delete cookies, particularly through the appropriate settings in the respective browser. You can configure cookies in the \"options\" or \"preferences\" menu of your browser.<\/p>\n<p>However, note that by disabling cookies, you may prevent some web services from functioning correctly, affecting, partially or entirely, website navigation.<\/p>\n<h4>Links<\/h4>\n<p>For more information about cookies and their use, we suggest checking the following links:<\/p>\n<p><a title=\"Consultar Guia de Cookies da Microsoft (em ingl\u00eas)\" href=\"https:\/\/support.microsoft.com\/pt-br\/help\/260971\/description-of-cookies\" target=\"_blank\" rel=\"noopener noreferrer\">Microsoft Cookies Guide<\/a>\u00a0\u200b<br \/>\n<a href=\"https:\/\/support.google.com\/chrome\/answer\/95647?co=GENIE.Platform%3DDesktop&amp;hl=pt\" target=\"_blank\" rel=\"noopener noreferrer\">Clear, enable, and manage cookies in Chrome<\/a><br \/>\n<a href=\"https:\/\/support.mozilla.org\/pt-PT\/kb\/ativar-e-desativar-cookies-que-os-websites-utiliza\" target=\"_blank\" rel=\"noopener noreferrer\">Enable and disable cookies in Firefox<\/a><br \/>\n<a title=\"Consultar site All About Cookies (em ingl\u00eas)\" href=\"http:\/\/www.allaboutcookies.org\/\" target=\"_blank\" rel=\"noopener noreferrer\">All About Cookies\u200b\u200b<\/a>\u200b\u200b<\/p>","protected":false},"excerpt":{"rendered":"<p>Cookies utilizados no nosso site: O que s\u00e3o cookies? &#8220;Cookies&#8221; s\u00e3o pequenas etiquetas de software que s\u00e3o armazenadas no seu computador atrav\u00e9s do navegador (browser), retendo apenas informa\u00e7\u00e3o relacionada com as suas prefer\u00eancias, n\u00e3o incluindo, como tal, os seus dados pessoais. Para que servem os Cookies? Os cookies servem para ajudar a determinar a utilidade,&hellip;<\/p>","protected":false},"author":1,"featured_media":0,"parent":0,"menu_order":0,"comment_status":"closed","ping_status":"closed","template":"","meta":{"iawp_total_views":0},"class_list":["post-321","page","type-page","status-publish","hentry","description-off"],"_links":{"self":[{"href":"https:\/\/mbo-adv.com\/eng\/wp-json\/wp\/v2\/pages\/321","targetHints":{"allow":["GET"]}}],"collection":[{"href":"https:\/\/mbo-adv.com\/eng\/wp-json\/wp\/v2\/pages"}],"about":[{"href":"https:\/\/mbo-adv.com\/eng\/wp-json\/wp\/v2\/types\/page"}],"author":[{"embeddable":true,"href":"https:\/\/mbo-adv.com\/eng\/wp-json\/wp\/v2\/users\/1"}],"replies":[{"embeddable":true,"href":"https:\/\/mbo-adv.com\/eng\/wp-json\/wp\/v2\/comments?post=321"}],"version-history":[{"count":0,"href":"https:\/\/mbo-adv.com\/eng\/wp-json\/wp\/v2\/pages\/321\/revisions"}],"wp:attachment":[{"href":"https:\/\/mbo-adv.com\/eng\/wp-json\/wp\/v2\/media?parent=321"}],"curies":[{"name":"wp","href":"https:\/\/api.w.org\/{rel}","templated":true}]}}