{"id":316,"date":"2019-10-16T15:11:04","date_gmt":"2019-10-16T15:11:04","guid":{"rendered":"http:\/\/mbo-adv.com\/novo\/?page_id=316"},"modified":"2023-12-07T13:11:52","modified_gmt":"2023-12-07T13:11:52","slug":"politica-de-privacidade","status":"publish","type":"page","link":"https:\/\/mbo-adv.com\/eng\/politica-de-privacidade\/","title":{"rendered":"Privacy Policy"},"content":{"rendered":"<div class=\"vc_row wpb_row vc_row-fluid\"><div class=\"wpb_column vc_column_container vc_col-sm-12\"><div class=\"vc_column-inner\"><div class=\"wpb_wrapper\">\n\t<div class=\"wpb_text_column wpb_content_element\" >\n\t\t<div class=\"wpb_wrapper\">\n\t\t\t<p>Your data will be processed by Morais, Bastos &amp; Oliveira \u2013 Sociedade de Advogados SP, RL, headquartered at Rua Dr. C\u00e2ndido de Pinho, No. 32-C, P.O. Box 39, 4529-908 Santa Maria da Feira, corporate entity no. 508562945, registered with the General Council of the Bar Association under no. 39\/08 (hereinafter referred to as \"MBO\"). We recommend careful and complete reading of this document. The provision of your personal data implies knowledge and acceptance of the terms and conditions of this Privacy Policy.<\/p>\n<h3>WHAT WE DO WITH YOUR INFORMATION?<\/h3>\n<p>When you contact us through the forms on our website, we collect and store the data requested in these forms to be able to respond to your request.<\/p>\n<p>When you browse our website, we also receive some statistical information, which is anonymized and cannot identify the user. We only collect statistical data such as the time spent on our site, pages visited on our site, your browser, etc.<\/p>\n<p>Email Marketing (when applicable): With your permission, we may send you emails about our website, new information, and other updates.<\/p>\n<p>MBO is committed to treating personal data lawfully, transparently, with respect for the principle of good faith, and with absolute confidentiality.<\/p>\n<h3>CONSENT<\/h3>\n<p>How do you get my consent?<\/p>\n<p>When you provide us with your personal information by filling out a form, you are agreeing to our collection and use of personal information only for those specific purposes.<\/p>\n<p>Se pedirmos informa\u00e7\u00f5es pessoais por uma raz\u00e3o secund\u00e1ria, como marketing, vamos pedir o seu consentimento, ou dar a oportunidade de dizer n\u00e3o.<\/p>\n<p>How can I withdraw my consent?<\/p>\n<p>If you change your mind after providing your data, you can withdraw your consent at any time and thus prevent us from contacting you for obtaining or disclosing information. Please contact us at geral@mbo-adv.com or by mail: Morais, Bastos &amp; Oliveira \u2013 Advogados, Rua Dr. C\u00e2ndido de Pinho 32 C, P.O. Box 39, 4529-906, Santa Maria da Feira, Portugal.<\/p>\n<h3>DISCLOSURE<\/h3>\n<p>MBO may transmit personal data of its Clients to third parties when such data communications are necessary or appropriate (i) in light of applicable law, (ii) to comply with legal obligations\/court orders, (iii) to respond to requests from public or governmental authorities.<\/p>\n<h3>DATA INTEGRITY<\/h3>\n<p>Our website is hosted by <a href=\"https:\/\/www.inovve.com\/\" target=\"_blank\" rel=\"noopener noreferrer\">Inovve Ag\u00eancia de Web Design<\/a>Our site is stored in a Datacenter located in Portugal in one of the leading companies in the sector. This data center is Quality Certified (UNE-EN-ISO 9001, EFQM, and Six Sigma), Environmentally Certified (UNE-EN-ISO 14001), and Information Security and Information Systems Management (ITIL, BS 7799, and BS 15000).<\/p>\n<h3>RIGHTS<\/h3>\n<p>At any time, you may:<\/p>\n<p>a) Request access to the information we hold about you. As the data subject, you have the right to obtain confirmation that data concerning you is or is not being processed and, if so, access your personal data and access the information provided by law.<\/p>\n<p>b) Request the correction of information if it is inaccurate or incomplete. As the data subject, you have the right for MBO to promptly correct inaccurate or incomplete data concerning you.<\/p>\n<p>c) Request the erasure of your personal data. As the data subject, you have the right to request MBO to erase your data without undue delay, and MBO has the obligation to erase personal data without undue delay when, among other reasons:<\/p>\n<p>\u2013 Personal data is no longer necessary for the purpose that motivated its collection or processing;<br \/>\n\u2013 Personal data is no longer necessary for the purpose that motivated its collection or processing;<\/br>\n\n\u2013 You have withdrawn your consent to data processing (in cases where processing is based on consent) and there is no other legal basis for such processing;<\/br>\n\n\u2013 You object to the processing, and there are no prevailing legitimate grounds for the processing.<br \/>\n&#8211; Op\u00f5e-se ao tratamento e n\u00e3o existem interesses leg\u00edtimos prevalecentes que justifiquem o tratamento.<\/p>\n<p>d) Request the limitation of the processing of your personal data. As the data subject, you have the right to request MBO to limit the processing of your data if one of the following situations applies, in particular:<\/p>\n<p class=\"translation-block\">\u2013 Contesting the accuracy of personal data, for a period that allows MBO to verify its accuracy; <br>\n\u2013 The processing of data is lawful, and the data subject opposes the erasure of personal data, requesting, in return, the limitation of its use; <br>\n\u2013 MBO no longer needs personal data for processing purposes, but this data is required by the data subject for the purposes of a statement, exercise, or defense of a right in a legal proceeding;<br>\n\u2013 If you have objected to the processing, until it is verified that the legitimate reasons of the data controller prevail over those of the data subject.<\/p>\n<p>e) Object to the processing of your personal data. In cases where data processing is carried out for the purposes of legitimate interests pursued by MBO; or data processing is carried out for direct marketing or profiling purposes, you can also object at any time to the processing of your personal data.<\/p>\n<p class=\"translation-block\">f) If the processing depends on your consent, you have the right to withdraw it. If consent is legally necessary for the processing of personal data, the data subject has the right to withdraw consent at any time, although this right does not affect the lawfulness of the processing carried out based on the previously given consent or the subsequent processing of the same data, based on another legal basis, such as the performance of the contract or the legal obligation to which MBO is subject.<\/p>\n<p>If you wish to exercise any of your rights, you should contact us in writing via email at geral@mbo-adv.com or by mail addressed to Morais, Bastos &amp; Oliveira \u2013 Sociedade de Advogados SP, RL, headquartered at Rua Dr. C\u00e2ndido de Pinho, No. 32-C, P.O. Box 39, 4529-908 Santa Maria da Feira.<\/p>\n<p>You also have the right to lodge a complaint with the National Data Protection Commission.<\/p>\n<p>Please note that in certain cases (e.g., due to legal requirements), your request may not be immediately fulfilled.<\/p>\n<p>You also have the right to lodge a complaint with the National Data Protection Commission.<\/p>\n<h3>THIRD-PARTY SERVICES<\/h3>\n<p>MBO may use other entities for sending newsletters and providing certain services. Eventually, the provision of services may involve these entities having access to personal data of its Clients. MBO will communicate the personal data that is indispensable for the provision of the contracted services or for compliance with legal obligations to which it is subject.<\/p>\n<p>MBO ensures that such subcontractors provide sufficient guarantees of the implementation of appropriate technical and organizational measures so that the processing complies with the requirements of applicable law and ensures the security and protection of the rights of data subjects, under the subcontracting agreement concluded with these subcontractors.<\/p>\n<h3>LINKS<\/h3>\n<p>When you click on links on our site, they may direct you away from our site. We are not responsible for the privacy practices of other sites, so we recommend reading their privacy policies.<\/p>\n<h3>SECURITY<\/h3>\n<p>We are committed to keeping your data secure and employ appropriate security measures to ensure the protection of your personal data and prevent unauthorized access. We subject our systems and security policies to periodic reviews to ensure that the data is safe and protected. However, the transmission of information over the Internet is not completely secure, and we cannot guarantee the absolute security of information transmitted through our website.<\/p>\n<p>We also respect the confidentiality of your information. As such, we do not sell, distribute, or otherwise commercially provide your information to any third party. MBO is committed to maintaining your information confidential in accordance with this Privacy Policy and applicable legislation.<\/p>\n<p>Our policy is to retain data only for the period necessary to fulfill the purposes for which it was collected. However, in certain cases, we may retain data for longer periods, particularly when the law so requires.<\/p>\n<h3>CHANGES TO THE PRIVACY POLICY<\/h3>\n<p>We reserve the right to modify this privacy policy at any time. Therefore, please read it frequently. Changes and clarifications take effect immediately upon being posted on the site. If we make changes to the privacy policy, we will notify you of the update. Thus, you will know what information we collect, how we use it, and under what circumstances, if applicable, we will use and\/or disclose it.<\/p>\n<h3>COOKIES<\/h3>\n<p>Here is a list of the cookies we use. We list them so you can choose whether you want to opt for cookies.<\/p>\n        <div class=\"ct-ultimate-gdpr-table-responsive table-responsive\">\n            <table>\n                <tr>\n                    <th>\n                        Cookie names                    <\/th>\n                    <th>\n                        Type of cookie                    <\/th>\n                    <th>\n                        First or Third party                    <\/th>\n                    <th>\n                        Can be blocked                    <\/th>\n                    <th>\n                        Session or Persistent                    <\/th>\n                    <th>\n                        Expiry Time                    <\/th>\n                    <th>\n                        Purpose                    <\/th>\n                <\/tr>\n                        <tr>\n            <td>\n\t\t\t\t__utma, __utmb, __utmc, __utmt, __utmz, _ga, _gat, _gid            <\/td>\n            <td>\n\t\t\t\tAnalytics            <\/td>\n            <td>\n\t\t\t\tThird party            <\/td>\n            <td>\n\t\t\t\t                    <i class=\"fa fa-check\" aria-hidden=\"true\" style=\"color: green\"><\/i>\n\t\t\t\t            <\/td>\n            <td>\n\t\t\t\tPersistent\n            <\/td>\n            <td>\n\t\t\t\t            <\/td>\n            <td>\n\t\t\t\tStatistics            <\/td>\n        <\/tr>\n\t\t            <\/table>\n        <\/div>\n\t\t\n\n\t\t<\/div>\n\t<\/div>\n<\/div><\/div><\/div><\/div>","protected":false},"excerpt":{"rendered":"<p>Os seus dados ser\u00e3o tratados por Morais, Bastos &amp; Oliveira \u2013 Sociedade de Advogados SP,RL, com sede na Rua Dr. C\u00e2ndido de Pinho, n\u00ba 32-C, apartado 39, 4529-908 Santa Maria da Feira, pessoa colectiva n.\u00ba 508562945, registada junto do Conselho Geral da Ordem dos Advogados sob o n.\u00ba 39\/08 (doravante designada apenas por &#8220;MBO&#8221;). Recomendamos&hellip;<\/p>","protected":false},"author":1,"featured_media":0,"parent":0,"menu_order":0,"comment_status":"closed","ping_status":"closed","template":"","meta":{"iawp_total_views":0},"class_list":["post-316","page","type-page","status-publish","hentry","description-off"],"_links":{"self":[{"href":"https:\/\/mbo-adv.com\/eng\/wp-json\/wp\/v2\/pages\/316","targetHints":{"allow":["GET"]}}],"collection":[{"href":"https:\/\/mbo-adv.com\/eng\/wp-json\/wp\/v2\/pages"}],"about":[{"href":"https:\/\/mbo-adv.com\/eng\/wp-json\/wp\/v2\/types\/page"}],"author":[{"embeddable":true,"href":"https:\/\/mbo-adv.com\/eng\/wp-json\/wp\/v2\/users\/1"}],"replies":[{"embeddable":true,"href":"https:\/\/mbo-adv.com\/eng\/wp-json\/wp\/v2\/comments?post=316"}],"version-history":[{"count":1,"href":"https:\/\/mbo-adv.com\/eng\/wp-json\/wp\/v2\/pages\/316\/revisions"}],"predecessor-version":[{"id":382,"href":"https:\/\/mbo-adv.com\/eng\/wp-json\/wp\/v2\/pages\/316\/revisions\/382"}],"wp:attachment":[{"href":"https:\/\/mbo-adv.com\/eng\/wp-json\/wp\/v2\/media?parent=316"}],"curies":[{"name":"wp","href":"https:\/\/api.w.org\/{rel}","templated":true}]}}