{"id":2,"date":"2019-05-13T13:56:56","date_gmt":"2019-05-13T13:56:56","guid":{"rendered":"http:\/\/mbo-adv.com\/novo\/?page_id=2"},"modified":"2019-10-21T14:51:13","modified_gmt":"2019-10-21T14:51:13","slug":"inicio","status":"publish","type":"page","link":"https:\/\/mbo-adv.com\/eng\/","title":{"rendered":"Home"},"content":{"rendered":"<div id=\"intro\" class=\"vc_row wpb_row vc_row-fluid vc_custom_1559682872534\"><div class=\"wpb_column vc_column_container vc_col-sm-12\"><div class=\"vc_column-inner\"><div class=\"wpb_wrapper\">\n\t<div class=\"wpb_text_column wpb_content_element\" >\n\t\t<div class=\"wpb_wrapper\">\n\t\t\t<h2>About us<\/h2>\n<p>Despite having been founded in 2008, Morais, Bastos &amp; Oliveira (MBO) is a law\nfirm that provides legal counselling based on over 20 years of accumulated\nexperience of their partners and associates. MBO has since developed a\ndiversified client portfolio, built on Client-Lawyer relationships marked by trust,\nproximity, dedication, and efficiency. <a href=\"http:\/\/mbo-adv.com\/eng\/quem-somos\/\"><span style=\"text-decoration: underline;\"><strong>See more<\/strong><\/span><\/a><\/p>\n\n\t\t<\/div>\n\t<\/div>\n<\/div><\/div><\/div><\/div><div data-vc-full-width=\"true\" data-vc-full-width-init=\"false\" class=\"vc_row wpb_row vc_row-fluid vc_custom_1570901781690\"><div class=\"wpb_column vc_column_container vc_col-sm-12\"><div class=\"vc_column-inner\"><div class=\"wpb_wrapper\">\n\t<div class=\"wpb_text_column wpb_content_element\" >\n\t\t<div class=\"wpb_wrapper\">\n\t\t\t<h2><span style=\"color: #ffffff;\">Team \/ People<\/span><\/h2>\n\n\t\t<\/div>\n\t<\/div>\n<div class=\"vc_row wpb_row vc_inner vc_row-fluid\"><div class=\"wpb_column vc_column_container vc_col-sm-3\"><div class=\"vc_column-inner vc_custom_1559665360615\"><div class=\"wpb_wrapper\"><div class=\"ult-ih-container ult-adjust-bottom-margin\" >\t<ul class=\"ult-ih-list\"  data-shape=\"square\"  data-width=\"267.5\"  data-height=\"267.5\"  style=\"text-align:center; \"><li id=\"ult-ih-list-item-1759\" class=\"ult-ih-list-item\" style=\"height: 267.5px; width: 267.5px;  margin: 0px\"><a class=\"ult-ih-link\" href=\"http:\/\/mbo-adv.com\/eng\/a-equipa\/#josemorais\"  ><div style=\"height: 267.5px; width: 267.5px; \" class=\"ult-ih-item ult-ih-effect13  ult-ih-right_to_left\"><div class=\"ult-ih-image-block\" style=\"height: 267.5px; width: 267.5px; \">\t<div class=\"ult-ih-wrapper\" style=\"\"><\/div>\t<img decoding=\"async\" class=\"ult-ih-image\" src=\"https:\/\/mbo-adv.com\/wp-content\/uploads\/josemorais.jpg\" alt=\"null\"><\/div><div class=\"ult-ih-info\" style=\"background-color: rgba(182,51,61,0.55); \">\t<div class=\"ult-ih-info-back\">\t<div class=\"ult-ih-content\">\t\t\t<div class=\"ult-ih-heading-block\" style=\"\">\t\t\t\t<h3 class=\"ult-ih-heading ult-responsive\" style=\"color:#ffffff;\"  data-ultimate-target='#ult-ih-list-item-1759 .ult-ih-heading'  data-responsive-json-new='{\"font-size\":\"desktop:22px;\",\"line-height\":\"desktop:28px;\"}' >Jos\u00e9 Morais<\/h3>\t\t\t<\/div>\t\t\t<div class=\"ult-ih-divider-block\" style=\"height:1px;\">\t\t\t\t<span class=\"ult-ih-line\" style=\"border-style:solid;border-color:rgba(255,255,255,0.75);width:100px;border-width:1px;\"><\/span>\t\t\t<\/div>\t\t\t<div class=\"ult-ih-description-block\" style=\"\">\t\t\t\t<div class=\"ult-ih-description ult-responsive\" style=\"color:#bbbbbb;\"  data-ultimate-target='#ult-ih-list-item-1759 .ult-ih-description, #ult-ih-list-item-1759 .ult-ih-description p'  data-responsive-json-new='{\"font-size\":\"desktop:12px;\",\"line-height\":\"desktop:18px;\"}' ><p>Lawyer<\/p>\n\t\t\t\t<\/div>\t\t\t<\/div>\t<\/div>\t<\/div><\/div><\/div><\/a><\/li>\t<\/ul><\/div><\/div><\/div><\/div><div class=\"wpb_column vc_column_container vc_col-sm-3\"><div class=\"vc_column-inner vc_custom_1559665376078\"><div class=\"wpb_wrapper\"><div class=\"ult-ih-container ult-adjust-bottom-margin\" >\t<ul class=\"ult-ih-list\"  data-shape=\"square\"  data-width=\"267.5\"  data-height=\"267.5\"  style=\"text-align:center; \"><li id=\"ult-ih-list-item-3175\" class=\"ult-ih-list-item\" style=\"height: 267.5px; width: 267.5px;  margin: 0px\"><a class=\"ult-ih-link\" href=\"http:\/\/mbo-adv.com\/eng\/a-equipa\/#joaobastos\"  ><div style=\"height: 267.5px; width: 267.5px; \" class=\"ult-ih-item ult-ih-effect13  ult-ih-right_to_left\"><div class=\"ult-ih-image-block\" style=\"height: 267.5px; width: 267.5px; \">\t<div class=\"ult-ih-wrapper\" style=\"\"><\/div>\t<img decoding=\"async\" class=\"ult-ih-image\" src=\"https:\/\/mbo-adv.com\/wp-content\/uploads\/joaobastos.jpg\" alt=\"null\"><\/div><div class=\"ult-ih-info\" style=\"background-color: rgba(182,51,61,0.55); \">\t<div class=\"ult-ih-info-back\">\t<div class=\"ult-ih-content\">\t\t\t<div class=\"ult-ih-heading-block\" style=\"\">\t\t\t\t<h3 class=\"ult-ih-heading ult-responsive\" style=\"color:#ffffff;\"  data-ultimate-target='#ult-ih-list-item-3175 .ult-ih-heading'  data-responsive-json-new='{\"font-size\":\"desktop:22px;\",\"line-height\":\"desktop:28px;\"}' >Jo\u00e3o Ribeiro Bastos<\/h3>\t\t\t<\/div>\t\t\t<div class=\"ult-ih-divider-block\" style=\"height:1px;\">\t\t\t\t<span class=\"ult-ih-line\" style=\"border-style:solid;border-color:rgba(255,255,255,0.75);width:100px;border-width:1px;\"><\/span>\t\t\t<\/div>\t\t\t<div class=\"ult-ih-description-block\" style=\"\">\t\t\t\t<div class=\"ult-ih-description ult-responsive\" style=\"color:#bbbbbb;\"  data-ultimate-target='#ult-ih-list-item-3175 .ult-ih-description, #ult-ih-list-item-3175 .ult-ih-description p'  data-responsive-json-new='{\"font-size\":\"desktop:12px;\",\"line-height\":\"desktop:18px;\"}' ><p>Lawyer<\/p>\n\t\t\t\t<\/div>\t\t\t<\/div>\t<\/div>\t<\/div><\/div><\/div><\/a><\/li>\t<\/ul><\/div><\/div><\/div><\/div><div class=\"wpb_column vc_column_container vc_col-sm-3\"><div class=\"vc_column-inner vc_custom_1559665465265\"><div class=\"wpb_wrapper\"><div class=\"ult-ih-container ult-adjust-bottom-margin\" >\t<ul class=\"ult-ih-list\"  data-shape=\"square\"  data-width=\"267.5\"  data-height=\"267.5\"  style=\"text-align:center; \"><li id=\"ult-ih-list-item-5077\" class=\"ult-ih-list-item\" style=\"height: 267.5px; width: 267.5px;  margin: 0px\"><a class=\"ult-ih-link\" href=\"http:\/\/mbo-adv.com\/eng\/a-equipa\/#pedrooliveira\"  ><div style=\"height: 267.5px; width: 267.5px; \" class=\"ult-ih-item ult-ih-effect13  ult-ih-right_to_left\"><div class=\"ult-ih-image-block\" style=\"height: 267.5px; width: 267.5px; \">\t<div class=\"ult-ih-wrapper\" style=\"\"><\/div>\t<img decoding=\"async\" class=\"ult-ih-image\" src=\"https:\/\/mbo-adv.com\/wp-content\/uploads\/pedrooliveira.jpg\" alt=\"null\"><\/div><div class=\"ult-ih-info\" style=\"background-color: rgba(182,51,61,0.55); \">\t<div class=\"ult-ih-info-back\">\t<div class=\"ult-ih-content\">\t\t\t<div class=\"ult-ih-heading-block\" style=\"\">\t\t\t\t<h3 class=\"ult-ih-heading ult-responsive\" style=\"color:#ffffff;\"  data-ultimate-target='#ult-ih-list-item-5077 .ult-ih-heading'  data-responsive-json-new='{\"font-size\":\"desktop:22px;\",\"line-height\":\"desktop:28px;\"}' >Pedro Oliveira<\/h3>\t\t\t<\/div>\t\t\t<div class=\"ult-ih-divider-block\" style=\"height:1px;\">\t\t\t\t<span class=\"ult-ih-line\" style=\"border-style:solid;border-color:rgba(255,255,255,0.75);width:100px;border-width:1px;\"><\/span>\t\t\t<\/div>\t\t\t<div class=\"ult-ih-description-block\" style=\"\">\t\t\t\t<div class=\"ult-ih-description ult-responsive\" style=\"color:#bbbbbb;\"  data-ultimate-target='#ult-ih-list-item-5077 .ult-ih-description, #ult-ih-list-item-5077 .ult-ih-description p'  data-responsive-json-new='{\"font-size\":\"desktop:12px;\",\"line-height\":\"desktop:18px;\"}' ><p>Lawyer<\/p>\n\t\t\t\t<\/div>\t\t\t<\/div>\t<\/div>\t<\/div><\/div><\/div><\/a><\/li>\t<\/ul><\/div><\/div><\/div><\/div><div class=\"wpb_column vc_column_container vc_col-sm-3\"><div class=\"vc_column-inner vc_custom_1559666284779\"><div class=\"wpb_wrapper\"><div class=\"ult-ih-container ult-adjust-bottom-margin\" >\t<ul class=\"ult-ih-list\"  data-shape=\"square\"  data-width=\"267.5\"  data-height=\"267.5\"  style=\"text-align:center; \"><li id=\"ult-ih-list-item-5009\" class=\"ult-ih-list-item\" style=\"height: 267.5px; width: 267.5px;  margin: 0px\"><a class=\"ult-ih-link\" href=\"http:\/\/mbo-adv.com\/eng\/a-equipa\/#euricobarros\"  ><div style=\"height: 267.5px; width: 267.5px; \" class=\"ult-ih-item ult-ih-effect13  ult-ih-right_to_left\"><div class=\"ult-ih-image-block\" style=\"height: 267.5px; width: 267.5px; \">\t<div class=\"ult-ih-wrapper\" style=\"\"><\/div>\t<img decoding=\"async\" class=\"ult-ih-image\" src=\"https:\/\/mbo-adv.com\/wp-content\/uploads\/euricobarros.jpg\" alt=\"null\"><\/div><div class=\"ult-ih-info\" style=\"background-color: rgba(182,51,61,0.55); \">\t<div class=\"ult-ih-info-back\">\t<div class=\"ult-ih-content\">\t\t\t<div class=\"ult-ih-heading-block\" style=\"\">\t\t\t\t<h3 class=\"ult-ih-heading ult-responsive\" style=\"color:#ffffff;\"  data-ultimate-target='#ult-ih-list-item-5009 .ult-ih-heading'  data-responsive-json-new='{\"font-size\":\"desktop:22px;\",\"line-height\":\"desktop:28px;\"}' >Eurico Barros<\/h3>\t\t\t<\/div>\t\t\t<div class=\"ult-ih-divider-block\" style=\"height:1px;\">\t\t\t\t<span class=\"ult-ih-line\" style=\"border-style:solid;border-color:rgba(255,255,255,0.75);width:100px;border-width:1px;\"><\/span>\t\t\t<\/div>\t\t\t<div class=\"ult-ih-description-block\" style=\"\">\t\t\t\t<div class=\"ult-ih-description ult-responsive\" style=\"color:#bbbbbb;\"  data-ultimate-target='#ult-ih-list-item-5009 .ult-ih-description, #ult-ih-list-item-5009 .ult-ih-description p'  data-responsive-json-new='{\"font-size\":\"desktop:12px;\",\"line-height\":\"desktop:18px;\"}' ><p>Lawyer<\/p>\n\t\t\t\t<\/div>\t\t\t<\/div>\t<\/div>\t<\/div><\/div><\/div><\/a><\/li>\t<\/ul><\/div><\/div><\/div><\/div><\/div><div class=\"vc_row wpb_row vc_inner vc_row-fluid\"><div class=\"wpb_column vc_column_container vc_col-sm-3\"><div class=\"vc_column-inner vc_custom_1559665360615\"><div class=\"wpb_wrapper\"><div class=\"ult-ih-container ult-adjust-bottom-margin\" >\t<ul class=\"ult-ih-list\"  data-shape=\"square\"  data-width=\"267.5\"  data-height=\"267.5\"  style=\"text-align:center; \"><li id=\"ult-ih-list-item-8226\" class=\"ult-ih-list-item\" style=\"height: 267.5px; width: 267.5px;  margin: 0px\"><a class=\"ult-ih-link\" href=\"http:\/\/mbo-adv.com\/eng\/a-equipa\/#ruicorreia\"  ><div style=\"height: 267.5px; width: 267.5px; \" class=\"ult-ih-item ult-ih-effect13  ult-ih-right_to_left\"><div class=\"ult-ih-image-block\" style=\"height: 267.5px; width: 267.5px; \">\t<div class=\"ult-ih-wrapper\" style=\"\"><\/div>\t<img decoding=\"async\" class=\"ult-ih-image\" src=\"https:\/\/mbo-adv.com\/wp-content\/uploads\/ruicorreia.jpg\" alt=\"null\"><\/div><div class=\"ult-ih-info\" style=\"background-color: rgba(182,51,61,0.55); \">\t<div class=\"ult-ih-info-back\">\t<div class=\"ult-ih-content\">\t\t\t<div class=\"ult-ih-heading-block\" style=\"\">\t\t\t\t<h3 class=\"ult-ih-heading ult-responsive\" style=\"color:#ffffff;\"  data-ultimate-target='#ult-ih-list-item-8226 .ult-ih-heading'  data-responsive-json-new='{\"font-size\":\"desktop:22px;\",\"line-height\":\"desktop:28px;\"}' >Rui Miguel Correia<\/h3>\t\t\t<\/div>\t\t\t<div class=\"ult-ih-divider-block\" style=\"height:1px;\">\t\t\t\t<span class=\"ult-ih-line\" style=\"border-style:solid;border-color:rgba(255,255,255,0.75);width:100px;border-width:1px;\"><\/span>\t\t\t<\/div>\t\t\t<div class=\"ult-ih-description-block\" style=\"\">\t\t\t\t<div class=\"ult-ih-description ult-responsive\" style=\"color:#bbbbbb;\"  data-ultimate-target='#ult-ih-list-item-8226 .ult-ih-description, #ult-ih-list-item-8226 .ult-ih-description p'  data-responsive-json-new='{\"font-size\":\"desktop:12px;\",\"line-height\":\"desktop:18px;\"}' ><p>Lawyer<\/p>\n\t\t\t\t<\/div>\t\t\t<\/div>\t<\/div>\t<\/div><\/div><\/div><\/a><\/li>\t<\/ul><\/div><\/div><\/div><\/div><div class=\"wpb_column vc_column_container vc_col-sm-3\"><div class=\"vc_column-inner vc_custom_1559665376078\"><div class=\"wpb_wrapper\"><div class=\"ult-ih-container ult-adjust-bottom-margin\" >\t<ul class=\"ult-ih-list\"  data-shape=\"square\"  data-width=\"267.5\"  data-height=\"267.5\"  style=\"text-align:center; \"><li id=\"ult-ih-list-item-2354\" class=\"ult-ih-list-item\" style=\"height: 267.5px; width: 267.5px;  margin: 0px\"><a class=\"ult-ih-link\" href=\"http:\/\/mbo-adv.com\/eng\/a-equipa\/#josesoares\"  ><div style=\"height: 267.5px; width: 267.5px; \" class=\"ult-ih-item ult-ih-effect13  ult-ih-right_to_left\"><div class=\"ult-ih-image-block\" style=\"height: 267.5px; width: 267.5px; \">\t<div class=\"ult-ih-wrapper\" style=\"\"><\/div>\t<img decoding=\"async\" class=\"ult-ih-image\" src=\"https:\/\/mbo-adv.com\/wp-content\/uploads\/josesoares.jpg\" alt=\"null\"><\/div><div class=\"ult-ih-info\" style=\"background-color: rgba(182,51,61,0.55); \">\t<div class=\"ult-ih-info-back\">\t<div class=\"ult-ih-content\">\t\t\t<div class=\"ult-ih-heading-block\" style=\"\">\t\t\t\t<h3 class=\"ult-ih-heading ult-responsive\" style=\"color:#ffffff;\"  data-ultimate-target='#ult-ih-list-item-2354 .ult-ih-heading'  data-responsive-json-new='{\"font-size\":\"desktop:22px;\",\"line-height\":\"desktop:28px;\"}' >Jos\u00e9 Pedro Soares<\/h3>\t\t\t<\/div>\t\t\t<div class=\"ult-ih-divider-block\" style=\"height:1px;\">\t\t\t\t<span class=\"ult-ih-line\" style=\"border-style:solid;border-color:rgba(255,255,255,0.75);width:100px;border-width:1px;\"><\/span>\t\t\t<\/div>\t\t\t<div class=\"ult-ih-description-block\" style=\"\">\t\t\t\t<div class=\"ult-ih-description ult-responsive\" style=\"color:#bbbbbb;\"  data-ultimate-target='#ult-ih-list-item-2354 .ult-ih-description, #ult-ih-list-item-2354 .ult-ih-description p'  data-responsive-json-new='{\"font-size\":\"desktop:12px;\",\"line-height\":\"desktop:18px;\"}' ><p>Lawyer<\/p>\n\t\t\t\t<\/div>\t\t\t<\/div>\t<\/div>\t<\/div><\/div><\/div><\/a><\/li>\t<\/ul><\/div><\/div><\/div><\/div><div class=\"wpb_column vc_column_container vc_col-sm-3\"><div class=\"vc_column-inner vc_custom_1559665465265\"><div class=\"wpb_wrapper\"><div class=\"ult-ih-container ult-adjust-bottom-margin\" >\t<ul class=\"ult-ih-list\"  data-shape=\"square\"  data-width=\"267.5\"  data-height=\"267.5\"  style=\"text-align:center; \"><li id=\"ult-ih-list-item-1108\" class=\"ult-ih-list-item\" style=\"height: 267.5px; width: 267.5px;  margin: 0px\"><a class=\"ult-ih-link\" href=\"http:\/\/mbo-adv.com\/eng\/a-equipa\/#luisepifanio\"  ><div style=\"height: 267.5px; width: 267.5px; \" class=\"ult-ih-item ult-ih-effect13  ult-ih-right_to_left\"><div class=\"ult-ih-image-block\" style=\"height: 267.5px; width: 267.5px; \">\t<div class=\"ult-ih-wrapper\" style=\"\"><\/div>\t<img decoding=\"async\" class=\"ult-ih-image\" src=\"https:\/\/mbo-adv.com\/wp-content\/uploads\/luisepifanio1.jpg\" alt=\"null\"><\/div><div class=\"ult-ih-info\" style=\"background-color: rgba(182,51,61,0.55); \">\t<div class=\"ult-ih-info-back\">\t<div class=\"ult-ih-content\">\t\t\t<div class=\"ult-ih-heading-block\" style=\"\">\t\t\t\t<h3 class=\"ult-ih-heading ult-responsive\" style=\"color:#ffffff;\"  data-ultimate-target='#ult-ih-list-item-1108 .ult-ih-heading'  data-responsive-json-new='{\"font-size\":\"desktop:22px;\",\"line-height\":\"desktop:28px;\"}' >Luis Epif\u00e2nio<\/h3>\t\t\t<\/div>\t\t\t<div class=\"ult-ih-divider-block\" style=\"height:1px;\">\t\t\t\t<span class=\"ult-ih-line\" style=\"border-style:solid;border-color:rgba(255,255,255,0.75);width:100px;border-width:1px;\"><\/span>\t\t\t<\/div>\t\t\t<div class=\"ult-ih-description-block\" style=\"\">\t\t\t\t<div class=\"ult-ih-description ult-responsive\" style=\"color:#bbbbbb;\"  data-ultimate-target='#ult-ih-list-item-1108 .ult-ih-description, #ult-ih-list-item-1108 .ult-ih-description p'  data-responsive-json-new='{\"font-size\":\"desktop:12px;\",\"line-height\":\"desktop:18px;\"}' ><p>Lawyer<\/p>\n\t\t\t\t<\/div>\t\t\t<\/div>\t<\/div>\t<\/div><\/div><\/div><\/a><\/li>\t<\/ul><\/div><\/div><\/div><\/div><div class=\"wpb_column vc_column_container vc_col-sm-3\"><div class=\"vc_column-inner vc_custom_1559666284779\"><div class=\"wpb_wrapper\"><div class=\"ult-ih-container ult-adjust-bottom-margin\" >\t<ul class=\"ult-ih-list\"  data-shape=\"square\"  data-width=\"267.5\"  data-height=\"267.5\"  style=\"text-align:center; \"><li id=\"ult-ih-list-item-1293\" class=\"ult-ih-list-item\" style=\"height: 267.5px; width: 267.5px;  margin: 0px\"><a class=\"ult-ih-link\" href=\"http:\/\/mbo-adv.com\/eng\/a-equipa\/#sandrasilva\"  ><div style=\"height: 267.5px; width: 267.5px; \" class=\"ult-ih-item ult-ih-effect13  ult-ih-right_to_left\"><div class=\"ult-ih-image-block\" style=\"height: 267.5px; width: 267.5px; \">\t<div class=\"ult-ih-wrapper\" style=\"\"><\/div>\t<img decoding=\"async\" class=\"ult-ih-image\" src=\"https:\/\/mbo-adv.com\/wp-content\/uploads\/sandrasilva14.jpg\" alt=\"null\"><\/div><div class=\"ult-ih-info\" style=\"background-color: rgba(182,51,61,0.55); \">\t<div class=\"ult-ih-info-back\">\t<div class=\"ult-ih-content\">\t\t\t<div class=\"ult-ih-heading-block\" style=\"\">\t\t\t\t<h3 class=\"ult-ih-heading ult-responsive\" style=\"color:#ffffff;\"  data-ultimate-target='#ult-ih-list-item-1293 .ult-ih-heading'  data-responsive-json-new='{\"font-size\":\"desktop:22px;\",\"line-height\":\"desktop:28px;\"}' >Sandra Silva<\/h3>\t\t\t<\/div>\t\t\t<div class=\"ult-ih-divider-block\" style=\"height:1px;\">\t\t\t\t<span class=\"ult-ih-line\" style=\"border-style:solid;border-color:rgba(255,255,255,0.75);width:100px;border-width:1px;\"><\/span>\t\t\t<\/div>\t\t\t<div class=\"ult-ih-description-block\" style=\"\">\t\t\t\t<div class=\"ult-ih-description ult-responsive\" style=\"color:#bbbbbb;\"  data-ultimate-target='#ult-ih-list-item-1293 .ult-ih-description, #ult-ih-list-item-1293 .ult-ih-description p'  data-responsive-json-new='{\"font-size\":\"desktop:12px;\",\"line-height\":\"desktop:18px;\"}' ><p>Lawyer<\/p>\n\t\t\t\t<\/div>\t\t\t<\/div>\t<\/div>\t<\/div><\/div><\/div><\/a><\/li>\t<\/ul><\/div><\/div><\/div><\/div><\/div><\/div><\/div><\/div><\/div><div class=\"vc_row-full-width vc_clearfix\"><\/div><!-- Row Backgrounds --><div class=\"upb_color\" data-bg-override=\"0\" data-bg-color=\"#ad062b\" data-fadeout=\"\" data-fadeout-percentage=\"30\" data-parallax-content=\"\" data-parallax-content-sense=\"30\" data-row-effect-mobile-disable=\"true\" data-img-parallax-mobile-disable=\"true\" data-rtl=\"false\"  data-custom-vc-row=\"\"  data-vc=\"5.7\"  data-is_old_vc=\"\"  data-theme-support=\"\"   data-overlay=\"false\" data-overlay-color=\"\" data-overlay-pattern=\"\" data-overlay-pattern-opacity=\"\" data-overlay-pattern-size=\"\"    ><\/div><div data-vc-full-width=\"true\" data-vc-full-width-init=\"false\" class=\"vc_row wpb_row vc_row-fluid vc_custom_1559050401140\"><div class=\"wpb_column vc_column_container vc_col-sm-12\"><div class=\"vc_column-inner\"><div class=\"wpb_wrapper\">\n\t<div class=\"wpb_text_column wpb_content_element\" >\n\t\t<div class=\"wpb_wrapper\">\n\t\t\t<h2 style=\"text-align: center;\">Contact us<\/h2>\n\n\t\t<\/div>\n\t<\/div>\n\n\t<div class=\"wpb_text_column wpb_content_element  vc_custom_1559050643963\" >\n\t\t<div class=\"wpb_wrapper\">\n\t\t\t\n<div class=\"wpcf7 no-js\" id=\"wpcf7-f46-o1\" lang=\"pt-PT\" dir=\"ltr\" data-wpcf7-id=\"46\">\n<div class=\"screen-reader-response\"><p role=\"status\" aria-live=\"polite\" aria-atomic=\"true\"><\/p> <ul><\/ul><\/div>\n<form action=\"\/eng\/wp-json\/wp\/v2\/pages\/2#wpcf7-f46-o1\" method=\"post\" class=\"wpcf7-form init\" aria-label=\"Contact form\" novalidate=\"novalidate\" data-status=\"init\" data-trp-original-action=\"\/eng\/wp-json\/wp\/v2\/pages\/2#wpcf7-f46-o1\">\n<div style=\"display: none;\">\n<input type=\"hidden\" name=\"_wpcf7\" value=\"46\" \/>\n<input type=\"hidden\" name=\"_wpcf7_version\" value=\"6.0.6\" \/>\n<input type=\"hidden\" name=\"_wpcf7_locale\" value=\"pt_PT\" \/>\n<input type=\"hidden\" name=\"_wpcf7_unit_tag\" value=\"wpcf7-f46-o1\" \/>\n<input type=\"hidden\" name=\"_wpcf7_container_post\" value=\"0\" \/>\n<input type=\"hidden\" name=\"_wpcf7_posted_data_hash\" value=\"\" \/>\n<\/div>\n<div align=\"center\" class=\"vc_col-sm-6\">\n\t<p><label> <span style=\"font-size:16px\">Name<\/span><br \/>\n<span class=\"wpcf7-form-control-wrap\" data-name=\"your-name\"><input size=\"40\" maxlength=\"400\" class=\"wpcf7-form-control wpcf7-text wpcf7-validates-as-required\" aria-required=\"true\" aria-invalid=\"false\" value=\"\" type=\"text\" name=\"your-name\" \/><\/span> <\/label>\n\t<\/p>\n<\/div>\n<div align=\"center\" class=\"vc_col-sm-6\">\n\t<p><label> <span style=\"font-size:16px\">E-mail<\/span><br \/>\n<span class=\"wpcf7-form-control-wrap\" data-name=\"your-email\"><input size=\"40\" maxlength=\"400\" class=\"wpcf7-form-control wpcf7-email wpcf7-validates-as-required wpcf7-text wpcf7-validates-as-email\" aria-required=\"true\" aria-invalid=\"false\" value=\"\" type=\"email\" name=\"your-email\" \/><\/span> <\/label>\n\t<\/p>\n<\/div>\n<div align=\"center\" class=\"vc_col-sm-12 formspace\">\n\t<p><label> <span style=\"font-size:16px\">Your message<\/span><br \/>\n<span class=\"wpcf7-form-control-wrap\" data-name=\"your-message\"><textarea cols=\"40\" rows=\"10\" maxlength=\"2000\" class=\"wpcf7-form-control wpcf7-textarea\" aria-invalid=\"false\" name=\"your-message\"><\/textarea><\/span> <\/label>\n\t<\/p>\n<\/div>\n<p>&nbsp;\n<\/p>\n<div align=\"center\" class=\"vc_col-sm-12\">\n\t<p><input class=\"wpcf7-form-control wpcf7-submit has-spinner\" type=\"submit\" value=\"Send\" \/>\n\t<\/p>\n<\/div>\n<p>&nbsp;\n<\/p><div class=\"inv-recaptcha-holder\"><\/div><div class=\"wpcf7-response-output\" aria-hidden=\"true\"><\/div>\n<input type=\"hidden\" name=\"trp-form-language\" value=\"eng\"\/><\/form>\n<\/div>\n\n\n\t\t<\/div>\n\t<\/div>\n<\/div><\/div><\/div><\/div><div class=\"vc_row-full-width vc_clearfix\"><\/div><!-- Row Backgrounds --><div class=\"upb_color\" data-bg-override=\"0\" data-bg-color=\"#dcdcdc\" data-fadeout=\"\" data-fadeout-percentage=\"30\" data-parallax-content=\"\" data-parallax-content-sense=\"30\" data-row-effect-mobile-disable=\"true\" data-img-parallax-mobile-disable=\"true\" data-rtl=\"false\"  data-custom-vc-row=\"\"  data-vc=\"5.7\"  data-is_old_vc=\"\"  data-theme-support=\"\"   data-overlay=\"false\" data-overlay-color=\"\" data-overlay-pattern=\"\" data-overlay-pattern-opacity=\"\" data-overlay-pattern-size=\"\"    ><\/div>","protected":false},"excerpt":{"rendered":"<p>Quem somos Morais, Bastos &amp; Oliveira (MBO) \u00e9 uma sociedade de advogados que, apesar de constitu\u00edda em 2008, conta com uma experi\u00eancia acumulada, dos seus s\u00f3cios e associados, de mais de 20 anos, ao longo dos quais foi criando uma carteira de clientes diversificada, assente numa rela\u00e7\u00e3o de confian\u00e7a, proximidade, dedica\u00e7\u00e3o e efici\u00eancia. Ver mais&hellip;<\/p>","protected":false},"author":1,"featured_media":0,"parent":0,"menu_order":0,"comment_status":"closed","ping_status":"open","template":"","meta":{"iawp_total_views":0},"class_list":["post-2","page","type-page","status-publish","hentry","description-off"],"_links":{"self":[{"href":"https:\/\/mbo-adv.com\/eng\/wp-json\/wp\/v2\/pages\/2","targetHints":{"allow":["GET"]}}],"collection":[{"href":"https:\/\/mbo-adv.com\/eng\/wp-json\/wp\/v2\/pages"}],"about":[{"href":"https:\/\/mbo-adv.com\/eng\/wp-json\/wp\/v2\/types\/page"}],"author":[{"embeddable":true,"href":"https:\/\/mbo-adv.com\/eng\/wp-json\/wp\/v2\/users\/1"}],"replies":[{"embeddable":true,"href":"https:\/\/mbo-adv.com\/eng\/wp-json\/wp\/v2\/comments?post=2"}],"version-history":[{"count":0,"href":"https:\/\/mbo-adv.com\/eng\/wp-json\/wp\/v2\/pages\/2\/revisions"}],"wp:attachment":[{"href":"https:\/\/mbo-adv.com\/eng\/wp-json\/wp\/v2\/media?parent=2"}],"curies":[{"name":"wp","href":"https:\/\/api.w.org\/{rel}","templated":true}]}}